{"id":1217,"date":"2025-03-31T14:34:11","date_gmt":"2025-03-31T12:34:11","guid":{"rendered":"https:\/\/fincabriabi.com\/?page_id=1217"},"modified":"2025-07-07T14:37:58","modified_gmt":"2025-07-07T12:37:58","slug":"contact-finca-briabi-pontevedra","status":"publish","type":"page","link":"https:\/\/fincabriabi.com\/en\/contact-finca-briabi-pontevedra\/","title":{"rendered":"Contact Finca Briab\u00ed, Pontevedra"},"content":{"rendered":"\t\t<div data-elementor-type=\"wp-page\" data-elementor-id=\"1217\" class=\"elementor elementor-1217\" data-elementor-post-type=\"page\">\n\t\t\t\t<div class=\"elementor-element elementor-element-ce2e080 elementor-hidden-mobile e-flex e-con-boxed e-con e-parent\" data-id=\"ce2e080\" data-element_type=\"container\" data-e-type=\"container\" data-settings=\"{&quot;background_background&quot;:&quot;classic&quot;}\">\n\t\t\t\t\t<div class=\"e-con-inner\">\n\t\t\t\t\t<\/div>\n\t\t\t\t<\/div>\n\t\t<div class=\"elementor-element elementor-element-3f284d3 e-flex e-con-boxed e-con e-parent\" data-id=\"3f284d3\" data-element_type=\"container\" data-e-type=\"container\" data-settings=\"{&quot;background_background&quot;:&quot;classic&quot;}\">\n\t\t\t\t\t<div class=\"e-con-inner\">\n\t\t<div class=\"elementor-element elementor-element-536ee20 e-con-full e-flex e-con e-child\" data-id=\"536ee20\" data-element_type=\"container\" data-e-type=\"container\" data-settings=\"{&quot;background_background&quot;:&quot;classic&quot;}\">\n\t\t<div class=\"elementor-element elementor-element-368b80b e-con-full e-flex e-con e-child\" data-id=\"368b80b\" data-element_type=\"container\" data-e-type=\"container\" data-settings=\"{&quot;background_background&quot;:&quot;classic&quot;}\">\n\t\t\t\t<div class=\"elementor-element elementor-element-984b17f elementor-widget elementor-widget-heading\" data-id=\"984b17f\" data-element_type=\"widget\" data-e-type=\"widget\" data-widget_type=\"heading.default\">\n\t\t\t\t<div class=\"elementor-widget-container\">\n\t\t\t\t\t<h1 class=\"elementor-heading-title elementor-size-default\">Contact with Finca Briab\u00ed<\/h1>\t\t\t\t<\/div>\n\t\t\t\t<\/div>\n\t\t\t\t<div class=\"elementor-element elementor-element-c73c7ed elementor-widget elementor-widget-text-editor\" data-id=\"c73c7ed\" data-element_type=\"widget\" data-e-type=\"widget\" data-widget_type=\"text-editor.default\">\n\t\t\t\t<div class=\"elementor-widget-container\">\n\t\t\t\t\t\t\t\t\t<p><span style=\"color: #000000;\"><a style=\"color: #000000;\" href=\"https:\/\/www.google.com\/maps\/dir\/\/R%C3%BAa+Briabi,+112,+36880+A+Ca%C3%B1iza,+Pontevedra\/@42.2163515,-8.3508086,12z\/data=!4m8!4m7!1m0!1m5!1m1!1s0xd2563a3e305225d:0x9c19cfe444a24f48!2m2!1d-8.2683148!2d42.2162703?entry=ttu&amp;g_ep=EgoyMDI1MDQzMC4xIKXMDSoASAFQAw%3D%3D\">R\u00daA PROGRESO 131, 36880 A CA\u00d1IZA, PONTEVEDRA, ESPA\u00d1<\/a>A<\/span><\/p><div class=\"elementor-element elementor-element-838451f elementor-mobile-align-left elementor-icon-list--layout-traditional elementor-list-item-link-full_width elementor-widget elementor-widget-icon-list\" data-id=\"838451f\" data-element_type=\"widget\" data-widget_type=\"icon-list.default\"><ul class=\"elementor-icon-list-items\"><li class=\"elementor-icon-list-item\"><a href=\"tel:+34684230928\"><i class=\"eci Iconos-phone1\" aria-hidden=\"true\"><\/i><span class=\"elementor-icon-list-text\" style=\"color: #000000;\">+34 684 230 928<\/span><\/a><\/li><li class=\"elementor-icon-list-item\"><span style=\"color: #000000;\"><a style=\"color: #000000;\" href=\"mailto:info@fincabriabi.com\"><i class=\"eci Iconos-email1\" aria-hidden=\"true\"><\/i><span class=\"elementor-icon-list-text\" style=\"color: #000000;\">info@fincabriabi.com<\/span><\/a><\/span><\/li><li><span style=\"color: #000000;\"><a style=\"color: #000000;\" href=\"https:\/\/www.google.com\/maps?ll=42.216381,-8.268408&amp;z=15&amp;t=m&amp;hl=es-ES&amp;gl=US&amp;mapclient=embed&amp;cid=11248250123645505352\">\u00bfC\u00f3mo llegar a Finca Briab\u00ed?<\/a><\/span><\/li><\/ul><\/div>\t\t\t\t\t\t\t\t<\/div>\n\t\t\t\t<\/div>\n\t\t\t\t<div class=\"elementor-element elementor-element-0e9018a elementor-widget elementor-widget-google_maps\" data-id=\"0e9018a\" data-element_type=\"widget\" data-e-type=\"widget\" data-widget_type=\"google_maps.default\">\n\t\t\t\t<div class=\"elementor-widget-container\">\n\t\t\t\t\t\t\t<div class=\"elementor-custom-embed\">\n\t\t\t<iframe loading=\"lazy\"\n\t\t\t\t\tsrc=\"https:\/\/maps.google.com\/maps?q=Finca%20Briab%C3%AD&#038;t=m&#038;z=15&#038;output=embed&#038;iwloc=near\"\n\t\t\t\t\ttitle=\"Finca Briab\u00ed\"\n\t\t\t\t\taria-label=\"Finca Briab\u00ed\"\n\t\t\t><\/iframe>\n\t\t<\/div>\n\t\t\t\t\t\t<\/div>\n\t\t\t\t<\/div>\n\t\t\t\t<\/div>\n\t\t\t\t<\/div>\n\t\t\t\t\t<\/div>\n\t\t\t\t<\/div>\n\t\t\t\t<\/div>\n\t\t","protected":false},"excerpt":{"rendered":"<p>Disfruta del confort que te ofrecen nuestras habitaciones con jacuzzi. Planifica tu escapada en Hotel Cuevas con las ofertas del hotel que te agregar\u00e1n un valor adicional a tu estancia.<\/p>\n","protected":false},"author":1,"featured_media":0,"parent":0,"menu_order":0,"comment_status":"closed","ping_status":"closed","template":"elementor_header_footer","meta":{"footnotes":""},"class_list":["post-1217","page","type-page","status-publish","hentry"],"yoast_head":"<!-- This site is optimized with the Yoast SEO plugin v27.5 - https:\/\/yoast.com\/product\/yoast-seo-wordpress\/ -->\n<title>Contact Finca Briab\u00ed, Pontevedra - Finca Briab\u00ed EN<\/title>\n<meta name=\"description\" content=\"Estaremos encantados de atenderle, puede ponerse en contacto para cualquier duda o aclaraci\u00f3n, nuestro personal le atender\u00e1...\" \/>\n<meta name=\"robots\" content=\"index, follow, max-snippet:-1, max-image-preview:large, max-video-preview:-1\" \/>\n<link rel=\"canonical\" href=\"https:\/\/fincabriabi.com\/en\/contact-finca-briabi-pontevedra\/\" \/>\n<meta property=\"og:locale\" content=\"es_ES\" \/>\n<meta property=\"og:type\" content=\"article\" \/>\n<meta property=\"og:title\" content=\"Contact Finca Briab\u00ed, Pontevedra - Finca Briab\u00ed EN\" \/>\n<meta property=\"og:description\" content=\"Estaremos encantados de atenderle, puede ponerse en contacto para cualquier duda o aclaraci\u00f3n, nuestro personal le atender\u00e1...\" \/>\n<meta property=\"og:url\" content=\"https:\/\/fincabriabi.com\/en\/contact-finca-briabi-pontevedra\/\" \/>\n<meta property=\"og:site_name\" content=\"Finca Briab\u00ed EN\" \/>\n<meta property=\"article:modified_time\" content=\"2025-07-07T12:37:58+00:00\" \/>\n<meta name=\"twitter:card\" content=\"summary_large_image\" \/>\n<meta name=\"twitter:label1\" content=\"Tiempo de lectura\" \/>\n\t<meta name=\"twitter:data1\" content=\"1 minuto\" \/>\n<script type=\"application\/ld+json\" class=\"yoast-schema-graph\">{\"@context\":\"https:\\\/\\\/schema.org\",\"@graph\":[{\"@type\":\"WebPage\",\"@id\":\"https:\\\/\\\/fincabriabi.com\\\/en\\\/contact-finca-briabi-pontevedra\\\/\",\"url\":\"https:\\\/\\\/fincabriabi.com\\\/en\\\/contact-finca-briabi-pontevedra\\\/\",\"name\":\"Contact Finca Briab\u00ed, Pontevedra - Finca Briab\u00ed EN\",\"isPartOf\":{\"@id\":\"https:\\\/\\\/fincabriabi.com\\\/en\\\/#website\"},\"datePublished\":\"2025-03-31T12:34:11+00:00\",\"dateModified\":\"2025-07-07T12:37:58+00:00\",\"description\":\"Estaremos encantados de atenderle, puede ponerse en contacto para cualquier duda o aclaraci\u00f3n, nuestro personal le atender\u00e1...\",\"breadcrumb\":{\"@id\":\"https:\\\/\\\/fincabriabi.com\\\/en\\\/contact-finca-briabi-pontevedra\\\/#breadcrumb\"},\"inLanguage\":\"es\",\"potentialAction\":[{\"@type\":\"ReadAction\",\"target\":[\"https:\\\/\\\/fincabriabi.com\\\/en\\\/contact-finca-briabi-pontevedra\\\/\"]}]},{\"@type\":\"BreadcrumbList\",\"@id\":\"https:\\\/\\\/fincabriabi.com\\\/en\\\/contact-finca-briabi-pontevedra\\\/#breadcrumb\",\"itemListElement\":[{\"@type\":\"ListItem\",\"position\":1,\"name\":\"Portada\",\"item\":\"https:\\\/\\\/fincabriabi.com\\\/en\\\/\"},{\"@type\":\"ListItem\",\"position\":2,\"name\":\"Contact Finca Briab\u00ed, Pontevedra\"}]},{\"@type\":\"WebSite\",\"@id\":\"https:\\\/\\\/fincabriabi.com\\\/en\\\/#website\",\"url\":\"https:\\\/\\\/fincabriabi.com\\\/en\\\/\",\"name\":\"Finca Briab\u00ed EN\",\"description\":\"Web Oficial - Mejor precio Garantizado\",\"publisher\":{\"@id\":\"https:\\\/\\\/fincabriabi.com\\\/en\\\/#organization\"},\"potentialAction\":[{\"@type\":\"SearchAction\",\"target\":{\"@type\":\"EntryPoint\",\"urlTemplate\":\"https:\\\/\\\/fincabriabi.com\\\/en\\\/?s={search_term_string}\"},\"query-input\":{\"@type\":\"PropertyValueSpecification\",\"valueRequired\":true,\"valueName\":\"search_term_string\"}}],\"inLanguage\":\"es\"},{\"@type\":\"Organization\",\"@id\":\"https:\\\/\\\/fincabriabi.com\\\/en\\\/#organization\",\"name\":\"Finca Briab\u00ed EN\",\"url\":\"https:\\\/\\\/fincabriabi.com\\\/en\\\/\",\"logo\":{\"@type\":\"ImageObject\",\"inLanguage\":\"es\",\"@id\":\"https:\\\/\\\/fincabriabi.com\\\/en\\\/#\\\/schema\\\/logo\\\/image\\\/\",\"url\":\"https:\\\/\\\/fincabriabi.com\\\/en\\\/wp-content\\\/uploads\\\/sites\\\/2\\\/logo_fincabriabi_blanco.webp\",\"contentUrl\":\"https:\\\/\\\/fincabriabi.com\\\/en\\\/wp-content\\\/uploads\\\/sites\\\/2\\\/logo_fincabriabi_blanco.webp\",\"width\":800,\"height\":800,\"caption\":\"Finca Briab\u00ed EN\"},\"image\":{\"@id\":\"https:\\\/\\\/fincabriabi.com\\\/en\\\/#\\\/schema\\\/logo\\\/image\\\/\"}}]}<\/script>\n<!-- \/ Yoast SEO plugin. -->","yoast_head_json":{"title":"Contact Finca Briab\u00ed, Pontevedra - Finca Briab\u00ed EN","description":"Estaremos encantados de atenderle, puede ponerse en contacto para cualquier duda o aclaraci\u00f3n, nuestro personal le atender\u00e1...","robots":{"index":"index","follow":"follow","max-snippet":"max-snippet:-1","max-image-preview":"max-image-preview:large","max-video-preview":"max-video-preview:-1"},"canonical":"https:\/\/fincabriabi.com\/en\/contact-finca-briabi-pontevedra\/","og_locale":"es_ES","og_type":"article","og_title":"Contact Finca Briab\u00ed, Pontevedra - Finca Briab\u00ed EN","og_description":"Estaremos encantados de atenderle, puede ponerse en contacto para cualquier duda o aclaraci\u00f3n, nuestro personal le atender\u00e1...","og_url":"https:\/\/fincabriabi.com\/en\/contact-finca-briabi-pontevedra\/","og_site_name":"Finca Briab\u00ed EN","article_modified_time":"2025-07-07T12:37:58+00:00","twitter_card":"summary_large_image","twitter_misc":{"Tiempo de lectura":"1 minuto"},"schema":{"@context":"https:\/\/schema.org","@graph":[{"@type":"WebPage","@id":"https:\/\/fincabriabi.com\/en\/contact-finca-briabi-pontevedra\/","url":"https:\/\/fincabriabi.com\/en\/contact-finca-briabi-pontevedra\/","name":"Contact Finca Briab\u00ed, Pontevedra - Finca Briab\u00ed EN","isPartOf":{"@id":"https:\/\/fincabriabi.com\/en\/#website"},"datePublished":"2025-03-31T12:34:11+00:00","dateModified":"2025-07-07T12:37:58+00:00","description":"Estaremos encantados de atenderle, puede ponerse en contacto para cualquier duda o aclaraci\u00f3n, nuestro personal le atender\u00e1...","breadcrumb":{"@id":"https:\/\/fincabriabi.com\/en\/contact-finca-briabi-pontevedra\/#breadcrumb"},"inLanguage":"es","potentialAction":[{"@type":"ReadAction","target":["https:\/\/fincabriabi.com\/en\/contact-finca-briabi-pontevedra\/"]}]},{"@type":"BreadcrumbList","@id":"https:\/\/fincabriabi.com\/en\/contact-finca-briabi-pontevedra\/#breadcrumb","itemListElement":[{"@type":"ListItem","position":1,"name":"Portada","item":"https:\/\/fincabriabi.com\/en\/"},{"@type":"ListItem","position":2,"name":"Contact Finca Briab\u00ed, Pontevedra"}]},{"@type":"WebSite","@id":"https:\/\/fincabriabi.com\/en\/#website","url":"https:\/\/fincabriabi.com\/en\/","name":"Finca Briab\u00ed EN","description":"Web Oficial - Mejor precio Garantizado","publisher":{"@id":"https:\/\/fincabriabi.com\/en\/#organization"},"potentialAction":[{"@type":"SearchAction","target":{"@type":"EntryPoint","urlTemplate":"https:\/\/fincabriabi.com\/en\/?s={search_term_string}"},"query-input":{"@type":"PropertyValueSpecification","valueRequired":true,"valueName":"search_term_string"}}],"inLanguage":"es"},{"@type":"Organization","@id":"https:\/\/fincabriabi.com\/en\/#organization","name":"Finca Briab\u00ed EN","url":"https:\/\/fincabriabi.com\/en\/","logo":{"@type":"ImageObject","inLanguage":"es","@id":"https:\/\/fincabriabi.com\/en\/#\/schema\/logo\/image\/","url":"https:\/\/fincabriabi.com\/en\/wp-content\/uploads\/sites\/2\/logo_fincabriabi_blanco.webp","contentUrl":"https:\/\/fincabriabi.com\/en\/wp-content\/uploads\/sites\/2\/logo_fincabriabi_blanco.webp","width":800,"height":800,"caption":"Finca Briab\u00ed EN"},"image":{"@id":"https:\/\/fincabriabi.com\/en\/#\/schema\/logo\/image\/"}}]}},"_links":{"self":[{"href":"https:\/\/fincabriabi.com\/en\/wp-json\/wp\/v2\/pages\/1217","targetHints":{"allow":["GET"]}}],"collection":[{"href":"https:\/\/fincabriabi.com\/en\/wp-json\/wp\/v2\/pages"}],"about":[{"href":"https:\/\/fincabriabi.com\/en\/wp-json\/wp\/v2\/types\/page"}],"author":[{"embeddable":true,"href":"https:\/\/fincabriabi.com\/en\/wp-json\/wp\/v2\/users\/1"}],"replies":[{"embeddable":true,"href":"https:\/\/fincabriabi.com\/en\/wp-json\/wp\/v2\/comments?post=1217"}],"version-history":[{"count":70,"href":"https:\/\/fincabriabi.com\/en\/wp-json\/wp\/v2\/pages\/1217\/revisions"}],"predecessor-version":[{"id":6465,"href":"https:\/\/fincabriabi.com\/en\/wp-json\/wp\/v2\/pages\/1217\/revisions\/6465"}],"wp:attachment":[{"href":"https:\/\/fincabriabi.com\/en\/wp-json\/wp\/v2\/media?parent=1217"}],"curies":[{"name":"wp","href":"https:\/\/api.w.org\/{rel}","templated":true}]}}