{"id":5830,"date":"2025-04-23T11:32:27","date_gmt":"2025-04-23T09:32:27","guid":{"rendered":"https:\/\/fincabriabi.com\/?page_id=5830"},"modified":"2025-07-07T15:08:46","modified_gmt":"2025-07-07T13:08:46","slug":"sport-and-wellbeing-in-galicia","status":"publish","type":"page","link":"https:\/\/fincabriabi.com\/en\/sport-and-wellbeing-in-galicia\/","title":{"rendered":"Sport and wellbeing in Galicia"},"content":{"rendered":"\t\t<div data-elementor-type=\"wp-page\" data-elementor-id=\"5830\" class=\"elementor elementor-5830\" data-elementor-post-type=\"page\">\n\t\t\t\t<div class=\"elementor-element elementor-element-eac83ee e-con-full e-flex e-con e-parent\" data-id=\"eac83ee\" data-element_type=\"container\" data-e-type=\"container\" data-settings=\"{&quot;background_background&quot;:&quot;classic&quot;}\">\n\t\t\t\t<div class=\"elementor-element elementor-element-32a9f61 elementor-widget elementor-widget-heading\" data-id=\"32a9f61\" data-element_type=\"widget\" data-e-type=\"widget\" data-widget_type=\"heading.default\">\n\t\t\t\t<div class=\"elementor-widget-container\">\n\t\t\t\t\t<h1 class=\"elementor-heading-title elementor-size-default\">Sports at Finca Briab\u00ed<\/h1>\t\t\t\t<\/div>\n\t\t\t\t<\/div>\n\t\t\t\t<div class=\"elementor-element elementor-element-505c269 elementor-widget elementor-widget-heading\" data-id=\"505c269\" data-element_type=\"widget\" data-e-type=\"widget\" data-widget_type=\"heading.default\">\n\t\t\t\t<div class=\"elementor-widget-container\">\n\t\t\t\t\t<h2 class=\"elementor-heading-title elementor-size-default\">Activate<\/h2>\t\t\t\t<\/div>\n\t\t\t\t<\/div>\n\t\t\t\t<div class=\"elementor-element elementor-element-28605f9 elementor-widget elementor-widget-button\" data-id=\"28605f9\" data-element_type=\"widget\" data-e-type=\"widget\" data-widget_type=\"button.default\">\n\t\t\t\t<div class=\"elementor-widget-container\">\n\t\t\t\t\t\t\t\t\t<div class=\"elementor-button-wrapper\">\n\t\t\t\t\t<a class=\"elementor-button elementor-button-link elementor-size-sm\" href=\"https:\/\/booking.avirato.com\/?code=49880244&#038;lang=en\">\n\t\t\t\t\t\t<span class=\"elementor-button-content-wrapper\">\n\t\t\t\t\t\t\t\t\t<span class=\"elementor-button-text\">BOOK NOW<\/span>\n\t\t\t\t\t<\/span>\n\t\t\t\t\t<\/a>\n\t\t\t\t<\/div>\n\t\t\t\t\t\t\t\t<\/div>\n\t\t\t\t<\/div>\n\t\t\t\t<\/div>\n\t\t<div class=\"elementor-element elementor-element-a42b34c e-con-full e-flex e-con e-parent\" data-id=\"a42b34c\" data-element_type=\"container\" data-e-type=\"container\" data-settings=\"{&quot;background_background&quot;:&quot;classic&quot;}\">\n\t\t<div class=\"elementor-element elementor-element-73d61ea e-con-full e-flex e-con e-child\" data-id=\"73d61ea\" data-element_type=\"container\" data-e-type=\"container\">\n\t\t\t\t<div class=\"elementor-element elementor-element-7f7e365 elementor-widget__width-initial elementor-widget elementor-widget-heading\" data-id=\"7f7e365\" data-element_type=\"widget\" data-e-type=\"widget\" data-widget_type=\"heading.default\">\n\t\t\t\t<div class=\"elementor-widget-container\">\n\t\t\t\t\t<h2 class=\"elementor-heading-title elementor-size-default\">Sport in a unique environment<\/h2>\t\t\t\t<\/div>\n\t\t\t\t<\/div>\n\t\t\t\t<div class=\"elementor-element elementor-element-64133f7 elementor-widget elementor-widget-text-editor\" data-id=\"64133f7\" data-element_type=\"widget\" data-e-type=\"widget\" data-widget_type=\"text-editor.default\">\n\t\t\t\t<div class=\"elementor-widget-container\">\n\t\t\t\t\t\t\t\t\t<p>At Finca Briab\u00ed you don&#8217;t just come to relax, you can also stay active surrounded by nature. Our outdoor paddle tennis court, integrated into the rural environment, is perfect for enjoying a game with friends, as a couple or with the family, with views of the gardens and the Galician landscape.<\/p><p>In addition to paddle tennis, the estate has large green spaces ideal for walking, yoga, outdoor exercise, swimming in our natural pool or simply playing with the little ones. If you are looking for a rural accommodation with sports activities in Galicia, you will find it here.<\/p><p>The combination of fresh air, peaceful surroundings and sports facilities will turn your stay into a healthy and revitalising experience.<\/p>\t\t\t\t\t\t\t\t<\/div>\n\t\t\t\t<\/div>\n\t\t\t\t<div class=\"elementor-element elementor-element-93f123d elementor-widget elementor-widget-button\" data-id=\"93f123d\" data-element_type=\"widget\" data-e-type=\"widget\" data-widget_type=\"button.default\">\n\t\t\t\t<div class=\"elementor-widget-container\">\n\t\t\t\t\t\t\t\t\t<div class=\"elementor-button-wrapper\">\n\t\t\t\t\t<a class=\"elementor-button elementor-button-link elementor-size-sm\" href=\"https:\/\/booking.avirato.com\/?code=49880244&#038;lang=en\">\n\t\t\t\t\t\t<span class=\"elementor-button-content-wrapper\">\n\t\t\t\t\t\t\t\t\t<span class=\"elementor-button-text\">BOOK YOUR ROOM NOW<\/span>\n\t\t\t\t\t<\/span>\n\t\t\t\t\t<\/a>\n\t\t\t\t<\/div>\n\t\t\t\t\t\t\t\t<\/div>\n\t\t\t\t<\/div>\n\t\t\t\t<\/div>\n\t\t\t\t<\/div>\n\t\t<div class=\"elementor-element elementor-element-0eaa4f0 e-con-full e-flex e-con e-parent\" data-id=\"0eaa4f0\" data-element_type=\"container\" data-e-type=\"container\">\n\t\t<div class=\"elementor-element elementor-element-a049b3e e-con-full e-flex e-con e-child\" data-id=\"a049b3e\" data-element_type=\"container\" data-e-type=\"container\">\n\t\t\t\t<div class=\"elementor-element elementor-element-cf64a4b elementor-cta--skin-cover elementor-widget elementor-widget-call-to-action\" data-id=\"cf64a4b\" data-element_type=\"widget\" data-e-type=\"widget\" data-widget_type=\"call-to-action.default\">\n\t\t\t\t<div class=\"elementor-widget-container\">\n\t\t\t\t\t\t\t<div class=\"elementor-cta\">\n\t\t\t\t\t<div class=\"elementor-cta__bg-wrapper\">\n\t\t\t\t<div class=\"elementor-cta__bg elementor-bg\" style=\"background-image: url(https:\/\/fincabriabi.com\/en\/wp-content\/uploads\/sites\/2\/baile-yoga-hotel-finca-briabi-en-pontevedra-galicia.webp);\" role=\"img\" aria-label=\"baile yoga hotel finca briabi en pontevedra galicia\"><\/div>\n\t\t\t\t<div class=\"elementor-cta__bg-overlay\"><\/div>\n\t\t\t<\/div>\n\t\t\t\t\t\t\t<div class=\"elementor-cta__content\">\n\t\t\t\t\n\t\t\t\t\n\t\t\t\t\t\t\t\t\t<div class=\"elementor-cta__description elementor-cta__content-item elementor-content-item\">\n\t\t\t\t\t\t.\t\t\t\t\t<\/div>\n\t\t\t\t\n\t\t\t\t\t\t\t<\/div>\n\t\t\t\t\t\t<\/div>\n\t\t\t\t\t\t<\/div>\n\t\t\t\t<\/div>\n\t\t\t\t<\/div>\n\t\t<div class=\"elementor-element elementor-element-838d91e e-con-full e-flex e-con e-child\" data-id=\"838d91e\" data-element_type=\"container\" data-e-type=\"container\">\n\t\t\t\t<div class=\"elementor-element elementor-element-386e8e1 elementor-cta--skin-cover elementor-cta--valign-top elementor-widget elementor-widget-call-to-action\" data-id=\"386e8e1\" data-element_type=\"widget\" data-e-type=\"widget\" data-widget_type=\"call-to-action.default\">\n\t\t\t\t<div class=\"elementor-widget-container\">\n\t\t\t\t\t\t\t<div class=\"elementor-cta\">\n\t\t\t\t\t<div class=\"elementor-cta__bg-wrapper\">\n\t\t\t\t<div class=\"elementor-cta__bg elementor-bg\" style=\"background-image: url(https:\/\/fincabriabi.com\/en\/wp-content\/uploads\/sites\/2\/JUEGA-AL-PADEL-EN-finca-briabi-casa-rural-en-pontevedra-relax-en-la-naturaleza-hotel.webp);\" role=\"img\" aria-label=\"JUEGA AL PADEL EN finca briabi casa rural en pontevedra relax en la naturaleza hotel\"><\/div>\n\t\t\t\t<div class=\"elementor-cta__bg-overlay\"><\/div>\n\t\t\t<\/div>\n\t\t\t\t\t\t\t<div class=\"elementor-cta__content\">\n\t\t\t\t\n\t\t\t\t\n\t\t\t\t\t\t\t\t\t<div class=\"elementor-cta__description elementor-cta__content-item elementor-content-item\">\n\t\t\t\t\t\t.\t\t\t\t\t<\/div>\n\t\t\t\t\n\t\t\t\t\t\t\t<\/div>\n\t\t\t\t\t\t<\/div>\n\t\t\t\t\t\t<\/div>\n\t\t\t\t<\/div>\n\t\t\t\t<\/div>\n\t\t<div class=\"elementor-element elementor-element-bbb7cd0 e-con-full e-flex e-con e-child\" data-id=\"bbb7cd0\" data-element_type=\"container\" data-e-type=\"container\">\n\t\t\t\t<div class=\"elementor-element elementor-element-177e0db elementor-cta--skin-cover elementor-widget elementor-widget-call-to-action\" data-id=\"177e0db\" data-element_type=\"widget\" data-e-type=\"widget\" data-widget_type=\"call-to-action.default\">\n\t\t\t\t<div class=\"elementor-widget-container\">\n\t\t\t\t\t\t\t<div class=\"elementor-cta\">\n\t\t\t\t\t<div class=\"elementor-cta__bg-wrapper\">\n\t\t\t\t<div class=\"elementor-cta__bg elementor-bg\" style=\"background-image: url(https:\/\/fincabriabi.com\/en\/wp-content\/uploads\/sites\/2\/deporte-padel-en-finca-briabi-casa-rural-en-pontevedra-relax-en-la-naturaleza-hotel.webp);\" role=\"img\" aria-label=\"deporte padel en finca briabi casa rural en pontevedra relax en la naturaleza hotel\"><\/div>\n\t\t\t\t<div class=\"elementor-cta__bg-overlay\"><\/div>\n\t\t\t<\/div>\n\t\t\t\t\t\t\t<div class=\"elementor-cta__content\">\n\t\t\t\t\n\t\t\t\t\n\t\t\t\t\t\t\t\t\t<div class=\"elementor-cta__description elementor-cta__content-item elementor-content-item\">\n\t\t\t\t\t\t.\t\t\t\t\t<\/div>\n\t\t\t\t\n\t\t\t\t\t\t\t<\/div>\n\t\t\t\t\t\t<\/div>\n\t\t\t\t\t\t<\/div>\n\t\t\t\t<\/div>\n\t\t\t\t<\/div>\n\t\t<div class=\"elementor-element elementor-element-6c109fb e-con-full e-flex e-con e-child\" data-id=\"6c109fb\" data-element_type=\"container\" data-e-type=\"container\">\n\t\t\t\t<div class=\"elementor-element elementor-element-89e8e7f elementor-cta--skin-cover elementor-widget elementor-widget-call-to-action\" data-id=\"89e8e7f\" data-element_type=\"widget\" data-e-type=\"widget\" data-widget_type=\"call-to-action.default\">\n\t\t\t\t<div class=\"elementor-widget-container\">\n\t\t\t\t\t\t\t<div class=\"elementor-cta\">\n\t\t\t\t\t<div class=\"elementor-cta__bg-wrapper\">\n\t\t\t\t<div class=\"elementor-cta__bg elementor-bg\" style=\"background-image: url(https:\/\/fincabriabi.com\/en\/wp-content\/uploads\/sites\/2\/yoga-hotel-finca-briabi-en-pontevedra-galicia.webp);\" role=\"img\" aria-label=\"yoga hotel finca briabi en pontevedra galicia\"><\/div>\n\t\t\t\t<div class=\"elementor-cta__bg-overlay\"><\/div>\n\t\t\t<\/div>\n\t\t\t\t\t\t\t<div class=\"elementor-cta__content\">\n\t\t\t\t\n\t\t\t\t\n\t\t\t\t\t\t\t\t\t<div class=\"elementor-cta__description elementor-cta__content-item elementor-content-item\">\n\t\t\t\t\t\t.\t\t\t\t\t<\/div>\n\t\t\t\t\n\t\t\t\t\t\t\t<\/div>\n\t\t\t\t\t\t<\/div>\n\t\t\t\t\t\t<\/div>\n\t\t\t\t<\/div>\n\t\t\t\t<\/div>\n\t\t<div class=\"elementor-element elementor-element-90244f4 e-con-full e-flex e-con e-child\" data-id=\"90244f4\" data-element_type=\"container\" data-e-type=\"container\">\n\t\t\t\t<div class=\"elementor-element elementor-element-09443c5 elementor-cta--skin-cover elementor-widget elementor-widget-call-to-action\" data-id=\"09443c5\" data-element_type=\"widget\" data-e-type=\"widget\" data-widget_type=\"call-to-action.default\">\n\t\t\t\t<div class=\"elementor-widget-container\">\n\t\t\t\t\t\t\t<div class=\"elementor-cta\">\n\t\t\t\t\t<div class=\"elementor-cta__bg-wrapper\">\n\t\t\t\t<div class=\"elementor-cta__bg elementor-bg\" style=\"background-image: url(https:\/\/fincabriabi.com\/en\/wp-content\/uploads\/sites\/2\/Finca-briabi-La-Caniza-pontevedra-viajar-galicia.webp);\" role=\"img\" aria-label=\"Finca briabi La Ca\u00f1iza pontevedra viajar galicia\"><\/div>\n\t\t\t\t<div class=\"elementor-cta__bg-overlay\"><\/div>\n\t\t\t<\/div>\n\t\t\t\t\t\t\t<div class=\"elementor-cta__content\">\n\t\t\t\t\n\t\t\t\t\n\t\t\t\t\t\t\t\t\t<div class=\"elementor-cta__description elementor-cta__content-item elementor-content-item\">\n\t\t\t\t\t\t.\t\t\t\t\t<\/div>\n\t\t\t\t\n\t\t\t\t\t\t\t<\/div>\n\t\t\t\t\t\t<\/div>\n\t\t\t\t\t\t<\/div>\n\t\t\t\t<\/div>\n\t\t\t\t<\/div>\n\t\t\t\t<\/div>\n\t\t\t\t<\/div>\n\t\t","protected":false},"excerpt":{"rendered":"<p>Disfruta del confort que te ofrecen nuestras habitaciones con jacuzzi. Planifica tu escapada en Hotel Cuevas con las ofertas del hotel que te agregar\u00e1n un valor adicional a tu estancia.<\/p>\n","protected":false},"author":1,"featured_media":5702,"parent":0,"menu_order":0,"comment_status":"closed","ping_status":"closed","template":"elementor_header_footer","meta":{"footnotes":""},"class_list":["post-5830","page","type-page","status-publish","has-post-thumbnail","hentry"],"yoast_head":"<!-- This site is optimized with the Yoast SEO plugin v27.5 - https:\/\/yoast.com\/product\/yoast-seo-wordpress\/ -->\n<title>Sport and wellbeing in Galicia - Finca Briab\u00ed EN<\/title>\n<meta name=\"description\" content=\"En Finca Briab\u00ed no solo vienes a descansar, tambi\u00e9n puedes mantenerte activo rodeado de naturaleza. Nuestra cancha de p\u00e1del al aire libre,\" \/>\n<meta name=\"robots\" content=\"index, follow, max-snippet:-1, max-image-preview:large, max-video-preview:-1\" \/>\n<link rel=\"canonical\" href=\"https:\/\/fincabriabi.com\/en\/sport-and-wellbeing-in-galicia\/\" \/>\n<meta property=\"og:locale\" content=\"es_ES\" \/>\n<meta property=\"og:type\" content=\"article\" \/>\n<meta property=\"og:title\" content=\"Sport and wellbeing in Galicia - Finca Briab\u00ed EN\" \/>\n<meta property=\"og:description\" content=\"En Finca Briab\u00ed no solo vienes a descansar, tambi\u00e9n puedes mantenerte activo rodeado de naturaleza. Nuestra cancha de p\u00e1del al aire libre,\" \/>\n<meta property=\"og:url\" content=\"https:\/\/fincabriabi.com\/en\/sport-and-wellbeing-in-galicia\/\" \/>\n<meta property=\"og:site_name\" content=\"Finca Briab\u00ed EN\" \/>\n<meta property=\"article:modified_time\" content=\"2025-07-07T13:08:46+00:00\" \/>\n<meta property=\"og:image\" content=\"https:\/\/fincabriabi.com\/en\/wp-content\/uploads\/sites\/2\/deporte-padel-en-finca-briabi-casa-rural-en-pontevedra-relax-en-la-naturaleza-hotel.webp\" \/>\n\t<meta property=\"og:image:width\" content=\"1280\" \/>\n\t<meta property=\"og:image:height\" content=\"853\" \/>\n\t<meta property=\"og:image:type\" content=\"image\/webp\" \/>\n<meta name=\"twitter:card\" content=\"summary_large_image\" \/>\n<meta name=\"twitter:label1\" content=\"Tiempo de lectura\" \/>\n\t<meta name=\"twitter:data1\" content=\"1 minuto\" \/>\n<script type=\"application\/ld+json\" class=\"yoast-schema-graph\">{\"@context\":\"https:\\\/\\\/schema.org\",\"@graph\":[{\"@type\":\"WebPage\",\"@id\":\"https:\\\/\\\/fincabriabi.com\\\/en\\\/sport-and-wellbeing-in-galicia\\\/\",\"url\":\"https:\\\/\\\/fincabriabi.com\\\/en\\\/sport-and-wellbeing-in-galicia\\\/\",\"name\":\"Sport and wellbeing in Galicia - Finca Briab\u00ed EN\",\"isPartOf\":{\"@id\":\"https:\\\/\\\/fincabriabi.com\\\/en\\\/#website\"},\"primaryImageOfPage\":{\"@id\":\"https:\\\/\\\/fincabriabi.com\\\/en\\\/sport-and-wellbeing-in-galicia\\\/#primaryimage\"},\"image\":{\"@id\":\"https:\\\/\\\/fincabriabi.com\\\/en\\\/sport-and-wellbeing-in-galicia\\\/#primaryimage\"},\"thumbnailUrl\":\"https:\\\/\\\/fincabriabi.com\\\/en\\\/wp-content\\\/uploads\\\/sites\\\/2\\\/deporte-padel-en-finca-briabi-casa-rural-en-pontevedra-relax-en-la-naturaleza-hotel.webp\",\"datePublished\":\"2025-04-23T09:32:27+00:00\",\"dateModified\":\"2025-07-07T13:08:46+00:00\",\"description\":\"En Finca Briab\u00ed no solo vienes a descansar, tambi\u00e9n puedes mantenerte activo rodeado de naturaleza. Nuestra cancha de p\u00e1del al aire libre,\",\"breadcrumb\":{\"@id\":\"https:\\\/\\\/fincabriabi.com\\\/en\\\/sport-and-wellbeing-in-galicia\\\/#breadcrumb\"},\"inLanguage\":\"es\",\"potentialAction\":[{\"@type\":\"ReadAction\",\"target\":[\"https:\\\/\\\/fincabriabi.com\\\/en\\\/sport-and-wellbeing-in-galicia\\\/\"]}]},{\"@type\":\"ImageObject\",\"inLanguage\":\"es\",\"@id\":\"https:\\\/\\\/fincabriabi.com\\\/en\\\/sport-and-wellbeing-in-galicia\\\/#primaryimage\",\"url\":\"https:\\\/\\\/fincabriabi.com\\\/en\\\/wp-content\\\/uploads\\\/sites\\\/2\\\/deporte-padel-en-finca-briabi-casa-rural-en-pontevedra-relax-en-la-naturaleza-hotel.webp\",\"contentUrl\":\"https:\\\/\\\/fincabriabi.com\\\/en\\\/wp-content\\\/uploads\\\/sites\\\/2\\\/deporte-padel-en-finca-briabi-casa-rural-en-pontevedra-relax-en-la-naturaleza-hotel.webp\",\"width\":1280,\"height\":853,\"caption\":\"deporte padel en finca briabi casa rural en pontevedra relax en la naturaleza hotel\"},{\"@type\":\"BreadcrumbList\",\"@id\":\"https:\\\/\\\/fincabriabi.com\\\/en\\\/sport-and-wellbeing-in-galicia\\\/#breadcrumb\",\"itemListElement\":[{\"@type\":\"ListItem\",\"position\":1,\"name\":\"Portada\",\"item\":\"https:\\\/\\\/fincabriabi.com\\\/en\\\/\"},{\"@type\":\"ListItem\",\"position\":2,\"name\":\"Sport and wellbeing in Galicia\"}]},{\"@type\":\"WebSite\",\"@id\":\"https:\\\/\\\/fincabriabi.com\\\/en\\\/#website\",\"url\":\"https:\\\/\\\/fincabriabi.com\\\/en\\\/\",\"name\":\"Finca Briab\u00ed EN\",\"description\":\"Web Oficial - Mejor precio Garantizado\",\"publisher\":{\"@id\":\"https:\\\/\\\/fincabriabi.com\\\/en\\\/#organization\"},\"potentialAction\":[{\"@type\":\"SearchAction\",\"target\":{\"@type\":\"EntryPoint\",\"urlTemplate\":\"https:\\\/\\\/fincabriabi.com\\\/en\\\/?s={search_term_string}\"},\"query-input\":{\"@type\":\"PropertyValueSpecification\",\"valueRequired\":true,\"valueName\":\"search_term_string\"}}],\"inLanguage\":\"es\"},{\"@type\":\"Organization\",\"@id\":\"https:\\\/\\\/fincabriabi.com\\\/en\\\/#organization\",\"name\":\"Finca Briab\u00ed EN\",\"url\":\"https:\\\/\\\/fincabriabi.com\\\/en\\\/\",\"logo\":{\"@type\":\"ImageObject\",\"inLanguage\":\"es\",\"@id\":\"https:\\\/\\\/fincabriabi.com\\\/en\\\/#\\\/schema\\\/logo\\\/image\\\/\",\"url\":\"https:\\\/\\\/fincabriabi.com\\\/en\\\/wp-content\\\/uploads\\\/sites\\\/2\\\/logo_fincabriabi_blanco.webp\",\"contentUrl\":\"https:\\\/\\\/fincabriabi.com\\\/en\\\/wp-content\\\/uploads\\\/sites\\\/2\\\/logo_fincabriabi_blanco.webp\",\"width\":800,\"height\":800,\"caption\":\"Finca Briab\u00ed EN\"},\"image\":{\"@id\":\"https:\\\/\\\/fincabriabi.com\\\/en\\\/#\\\/schema\\\/logo\\\/image\\\/\"}}]}<\/script>\n<!-- \/ Yoast SEO plugin. -->","yoast_head_json":{"title":"Sport and wellbeing in Galicia - Finca Briab\u00ed EN","description":"En Finca Briab\u00ed no solo vienes a descansar, tambi\u00e9n puedes mantenerte activo rodeado de naturaleza. Nuestra cancha de p\u00e1del al aire libre,","robots":{"index":"index","follow":"follow","max-snippet":"max-snippet:-1","max-image-preview":"max-image-preview:large","max-video-preview":"max-video-preview:-1"},"canonical":"https:\/\/fincabriabi.com\/en\/sport-and-wellbeing-in-galicia\/","og_locale":"es_ES","og_type":"article","og_title":"Sport and wellbeing in Galicia - Finca Briab\u00ed EN","og_description":"En Finca Briab\u00ed no solo vienes a descansar, tambi\u00e9n puedes mantenerte activo rodeado de naturaleza. Nuestra cancha de p\u00e1del al aire libre,","og_url":"https:\/\/fincabriabi.com\/en\/sport-and-wellbeing-in-galicia\/","og_site_name":"Finca Briab\u00ed EN","article_modified_time":"2025-07-07T13:08:46+00:00","og_image":[{"width":1280,"height":853,"url":"https:\/\/fincabriabi.com\/en\/wp-content\/uploads\/sites\/2\/deporte-padel-en-finca-briabi-casa-rural-en-pontevedra-relax-en-la-naturaleza-hotel.webp","type":"image\/webp"}],"twitter_card":"summary_large_image","twitter_misc":{"Tiempo de lectura":"1 minuto"},"schema":{"@context":"https:\/\/schema.org","@graph":[{"@type":"WebPage","@id":"https:\/\/fincabriabi.com\/en\/sport-and-wellbeing-in-galicia\/","url":"https:\/\/fincabriabi.com\/en\/sport-and-wellbeing-in-galicia\/","name":"Sport and wellbeing in Galicia - Finca Briab\u00ed EN","isPartOf":{"@id":"https:\/\/fincabriabi.com\/en\/#website"},"primaryImageOfPage":{"@id":"https:\/\/fincabriabi.com\/en\/sport-and-wellbeing-in-galicia\/#primaryimage"},"image":{"@id":"https:\/\/fincabriabi.com\/en\/sport-and-wellbeing-in-galicia\/#primaryimage"},"thumbnailUrl":"https:\/\/fincabriabi.com\/en\/wp-content\/uploads\/sites\/2\/deporte-padel-en-finca-briabi-casa-rural-en-pontevedra-relax-en-la-naturaleza-hotel.webp","datePublished":"2025-04-23T09:32:27+00:00","dateModified":"2025-07-07T13:08:46+00:00","description":"En Finca Briab\u00ed no solo vienes a descansar, tambi\u00e9n puedes mantenerte activo rodeado de naturaleza. Nuestra cancha de p\u00e1del al aire libre,","breadcrumb":{"@id":"https:\/\/fincabriabi.com\/en\/sport-and-wellbeing-in-galicia\/#breadcrumb"},"inLanguage":"es","potentialAction":[{"@type":"ReadAction","target":["https:\/\/fincabriabi.com\/en\/sport-and-wellbeing-in-galicia\/"]}]},{"@type":"ImageObject","inLanguage":"es","@id":"https:\/\/fincabriabi.com\/en\/sport-and-wellbeing-in-galicia\/#primaryimage","url":"https:\/\/fincabriabi.com\/en\/wp-content\/uploads\/sites\/2\/deporte-padel-en-finca-briabi-casa-rural-en-pontevedra-relax-en-la-naturaleza-hotel.webp","contentUrl":"https:\/\/fincabriabi.com\/en\/wp-content\/uploads\/sites\/2\/deporte-padel-en-finca-briabi-casa-rural-en-pontevedra-relax-en-la-naturaleza-hotel.webp","width":1280,"height":853,"caption":"deporte padel en finca briabi casa rural en pontevedra relax en la naturaleza hotel"},{"@type":"BreadcrumbList","@id":"https:\/\/fincabriabi.com\/en\/sport-and-wellbeing-in-galicia\/#breadcrumb","itemListElement":[{"@type":"ListItem","position":1,"name":"Portada","item":"https:\/\/fincabriabi.com\/en\/"},{"@type":"ListItem","position":2,"name":"Sport and wellbeing in Galicia"}]},{"@type":"WebSite","@id":"https:\/\/fincabriabi.com\/en\/#website","url":"https:\/\/fincabriabi.com\/en\/","name":"Finca Briab\u00ed EN","description":"Web Oficial - Mejor precio Garantizado","publisher":{"@id":"https:\/\/fincabriabi.com\/en\/#organization"},"potentialAction":[{"@type":"SearchAction","target":{"@type":"EntryPoint","urlTemplate":"https:\/\/fincabriabi.com\/en\/?s={search_term_string}"},"query-input":{"@type":"PropertyValueSpecification","valueRequired":true,"valueName":"search_term_string"}}],"inLanguage":"es"},{"@type":"Organization","@id":"https:\/\/fincabriabi.com\/en\/#organization","name":"Finca Briab\u00ed EN","url":"https:\/\/fincabriabi.com\/en\/","logo":{"@type":"ImageObject","inLanguage":"es","@id":"https:\/\/fincabriabi.com\/en\/#\/schema\/logo\/image\/","url":"https:\/\/fincabriabi.com\/en\/wp-content\/uploads\/sites\/2\/logo_fincabriabi_blanco.webp","contentUrl":"https:\/\/fincabriabi.com\/en\/wp-content\/uploads\/sites\/2\/logo_fincabriabi_blanco.webp","width":800,"height":800,"caption":"Finca Briab\u00ed EN"},"image":{"@id":"https:\/\/fincabriabi.com\/en\/#\/schema\/logo\/image\/"}}]}},"_links":{"self":[{"href":"https:\/\/fincabriabi.com\/en\/wp-json\/wp\/v2\/pages\/5830","targetHints":{"allow":["GET"]}}],"collection":[{"href":"https:\/\/fincabriabi.com\/en\/wp-json\/wp\/v2\/pages"}],"about":[{"href":"https:\/\/fincabriabi.com\/en\/wp-json\/wp\/v2\/types\/page"}],"author":[{"embeddable":true,"href":"https:\/\/fincabriabi.com\/en\/wp-json\/wp\/v2\/users\/1"}],"replies":[{"embeddable":true,"href":"https:\/\/fincabriabi.com\/en\/wp-json\/wp\/v2\/comments?post=5830"}],"version-history":[{"count":17,"href":"https:\/\/fincabriabi.com\/en\/wp-json\/wp\/v2\/pages\/5830\/revisions"}],"predecessor-version":[{"id":6496,"href":"https:\/\/fincabriabi.com\/en\/wp-json\/wp\/v2\/pages\/5830\/revisions\/6496"}],"wp:featuredmedia":[{"embeddable":true,"href":"https:\/\/fincabriabi.com\/en\/wp-json\/wp\/v2\/media\/5702"}],"wp:attachment":[{"href":"https:\/\/fincabriabi.com\/en\/wp-json\/wp\/v2\/media?parent=5830"}],"curies":[{"name":"wp","href":"https:\/\/api.w.org\/{rel}","templated":true}]}}