{"id":5848,"date":"2025-04-23T12:27:55","date_gmt":"2025-04-23T10:27:55","guid":{"rendered":"https:\/\/fincabriabi.com\/?page_id=5848"},"modified":"2025-07-07T14:57:40","modified_gmt":"2025-07-07T12:57:40","slug":"hotel-rural-pet-friendly-en-galicia","status":"publish","type":"page","link":"https:\/\/fincabriabi.com\/en\/hotel-rural-pet-friendly-en-galicia\/","title":{"rendered":"Hotel rural pet friendly en Galicia"},"content":{"rendered":"\t\t<div data-elementor-type=\"wp-page\" data-elementor-id=\"5848\" class=\"elementor elementor-5848\" data-elementor-post-type=\"page\">\n\t\t\t\t<div class=\"elementor-element elementor-element-eac83ee e-con-full e-flex e-con e-parent\" data-id=\"eac83ee\" data-element_type=\"container\" data-e-type=\"container\" data-settings=\"{&quot;background_background&quot;:&quot;classic&quot;}\">\n\t\t\t\t<div class=\"elementor-element elementor-element-32a9f61 elementor-widget elementor-widget-heading\" data-id=\"32a9f61\" data-element_type=\"widget\" data-e-type=\"widget\" data-widget_type=\"heading.default\">\n\t\t\t\t<div class=\"elementor-widget-container\">\n\t\t\t\t\t<h1 class=\"elementor-heading-title elementor-size-default\">Travel with your pet<\/h1>\t\t\t\t<\/div>\n\t\t\t\t<\/div>\n\t\t\t\t<div class=\"elementor-element elementor-element-505c269 elementor-widget elementor-widget-heading\" data-id=\"505c269\" data-element_type=\"widget\" data-e-type=\"widget\" data-widget_type=\"heading.default\">\n\t\t\t\t<div class=\"elementor-widget-container\">\n\t\t\t\t\t<h2 class=\"elementor-heading-title elementor-size-default\">Hotel rural pet friendly en Galicia<\/h2>\t\t\t\t<\/div>\n\t\t\t\t<\/div>\n\t\t\t\t<div class=\"elementor-element elementor-element-28605f9 elementor-widget elementor-widget-button\" data-id=\"28605f9\" data-element_type=\"widget\" data-e-type=\"widget\" data-widget_type=\"button.default\">\n\t\t\t\t<div class=\"elementor-widget-container\">\n\t\t\t\t\t\t\t\t\t<div class=\"elementor-button-wrapper\">\n\t\t\t\t\t<a class=\"elementor-button elementor-button-link elementor-size-sm\" href=\"https:\/\/booking.avirato.com\/?code=49880244&#038;lang=en\">\n\t\t\t\t\t\t<span class=\"elementor-button-content-wrapper\">\n\t\t\t\t\t\t\t\t\t<span class=\"elementor-button-text\">BOOK NOW<\/span>\n\t\t\t\t\t<\/span>\n\t\t\t\t\t<\/a>\n\t\t\t\t<\/div>\n\t\t\t\t\t\t\t\t<\/div>\n\t\t\t\t<\/div>\n\t\t\t\t<\/div>\n\t\t<div class=\"elementor-element elementor-element-a42b34c e-con-full e-flex e-con e-parent\" data-id=\"a42b34c\" data-element_type=\"container\" data-e-type=\"container\" data-settings=\"{&quot;background_background&quot;:&quot;classic&quot;}\">\n\t\t<div class=\"elementor-element elementor-element-73d61ea e-con-full e-flex e-con e-child\" data-id=\"73d61ea\" data-element_type=\"container\" data-e-type=\"container\">\n\t\t\t\t<div class=\"elementor-element elementor-element-7f7e365 elementor-widget__width-initial elementor-widget elementor-widget-heading\" data-id=\"7f7e365\" data-element_type=\"widget\" data-e-type=\"widget\" data-widget_type=\"heading.default\">\n\t\t\t\t<div class=\"elementor-widget-container\">\n\t\t\t\t\t<h2 class=\"elementor-heading-title elementor-size-default\">Rural hotel with animals and space for your best friend<\/h2>\t\t\t\t<\/div>\n\t\t\t\t<\/div>\n\t\t\t\t<div class=\"elementor-element elementor-element-64133f7 elementor-widget elementor-widget-text-editor\" data-id=\"64133f7\" data-element_type=\"widget\" data-e-type=\"widget\" data-widget_type=\"text-editor.default\">\n\t\t\t\t<div class=\"elementor-widget-container\">\n\t\t\t\t\t\t\t\t\t<p>Finca Briab\u00ed is the perfect destination for those who cannot imagine a holiday without their four-legged companion. We are a pet friendly rural hotel in Galicia, surrounded by nature and designed so that both you and your pet feel free and welcome from the very first moment.<\/p><p>Here you will live with the environment and with our animals, which are part of the life of the farm. Free-range cows grazing peacefully, hens, goats and friendly dogs accompany you on your walks and enrich your rural experience.<\/p><p>We have wide open spaces, gardens, nature trails and unrestricted areas where your pet can run, play and rest by your side. In addition, you will stay in comfortable and cosy rooms, with easy access to the outdoor areas.<\/p><p>Finca Briab\u00ed is much more than charming accommodation: it is a refuge for animal lovers, contact with nature and the freedom to travel with your best friend.<\/p>\t\t\t\t\t\t\t\t<\/div>\n\t\t\t\t<\/div>\n\t\t\t\t<div class=\"elementor-element elementor-element-93f123d elementor-widget elementor-widget-button\" data-id=\"93f123d\" data-element_type=\"widget\" data-e-type=\"widget\" data-widget_type=\"button.default\">\n\t\t\t\t<div class=\"elementor-widget-container\">\n\t\t\t\t\t\t\t\t\t<div class=\"elementor-button-wrapper\">\n\t\t\t\t\t<a class=\"elementor-button elementor-button-link elementor-size-sm\" href=\"https:\/\/booking.avirato.com\/?code=49880244&#038;lang=en\">\n\t\t\t\t\t\t<span class=\"elementor-button-content-wrapper\">\n\t\t\t\t\t\t\t\t\t<span class=\"elementor-button-text\">BOOK YOUR ROOM NOW<\/span>\n\t\t\t\t\t<\/span>\n\t\t\t\t\t<\/a>\n\t\t\t\t<\/div>\n\t\t\t\t\t\t\t\t<\/div>\n\t\t\t\t<\/div>\n\t\t\t\t<\/div>\n\t\t\t\t<\/div>\n\t\t<div class=\"elementor-element elementor-element-ab3310e e-con-full e-flex e-con e-parent\" data-id=\"ab3310e\" data-element_type=\"container\" data-e-type=\"container\">\n\t\t<div class=\"elementor-element elementor-element-b8b045d e-con-full e-flex e-con e-child\" data-id=\"b8b045d\" data-element_type=\"container\" data-e-type=\"container\">\n\t\t\t\t<div class=\"elementor-element elementor-element-386e8e1 elementor-cta--skin-cover elementor-cta--valign-top elementor-widget elementor-widget-call-to-action\" data-id=\"386e8e1\" data-element_type=\"widget\" data-e-type=\"widget\" data-widget_type=\"call-to-action.default\">\n\t\t\t\t<div class=\"elementor-widget-container\">\n\t\t\t\t\t\t\t<div class=\"elementor-cta\">\n\t\t\t\t\t<div class=\"elementor-cta__bg-wrapper\">\n\t\t\t\t<div class=\"elementor-cta__bg elementor-bg\" style=\"background-image: url(https:\/\/fincabriabi.com\/en\/wp-content\/uploads\/sites\/2\/viajar-con-perro-galicia.jpg);\" role=\"img\" aria-label=\"viajar con perro galicia\"><\/div>\n\t\t\t\t<div class=\"elementor-cta__bg-overlay\"><\/div>\n\t\t\t<\/div>\n\t\t\t\t\t\t\t<div class=\"elementor-cta__content\">\n\t\t\t\t\n\t\t\t\t\n\t\t\t\t\t\t\t\t\t<div class=\"elementor-cta__description elementor-cta__content-item elementor-content-item\">\n\t\t\t\t\t\t.\t\t\t\t\t<\/div>\n\t\t\t\t\n\t\t\t\t\t\t\t<\/div>\n\t\t\t\t\t\t<\/div>\n\t\t\t\t\t\t<\/div>\n\t\t\t\t<\/div>\n\t\t\t\t<\/div>\n\t\t<div class=\"elementor-element elementor-element-7357eec e-con-full e-flex e-con e-child\" data-id=\"7357eec\" data-element_type=\"container\" data-e-type=\"container\">\n\t\t\t\t<div class=\"elementor-element elementor-element-bc555a7 elementor-cta--skin-cover elementor-widget elementor-widget-call-to-action\" data-id=\"bc555a7\" data-element_type=\"widget\" data-e-type=\"widget\" data-widget_type=\"call-to-action.default\">\n\t\t\t\t<div class=\"elementor-widget-container\">\n\t\t\t\t\t\t\t<div class=\"elementor-cta\">\n\t\t\t\t\t<div class=\"elementor-cta__bg-wrapper\">\n\t\t\t\t<div class=\"elementor-cta__bg elementor-bg\" style=\"background-image: url(https:\/\/fincabriabi.com\/en\/wp-content\/uploads\/sites\/2\/hotel-mascotas-viajar-galicia-pontevedra.jpg);\" role=\"img\" aria-label=\"hotel mascotas viajar galicia pontevedra\"><\/div>\n\t\t\t\t<div class=\"elementor-cta__bg-overlay\"><\/div>\n\t\t\t<\/div>\n\t\t\t\t\t\t\t<div class=\"elementor-cta__content\">\n\t\t\t\t\n\t\t\t\t\n\t\t\t\t\t\t\t\t\t<div class=\"elementor-cta__description elementor-cta__content-item elementor-content-item\">\n\t\t\t\t\t\t.\t\t\t\t\t<\/div>\n\t\t\t\t\n\t\t\t\t\t\t\t<\/div>\n\t\t\t\t\t\t<\/div>\n\t\t\t\t\t\t<\/div>\n\t\t\t\t<\/div>\n\t\t\t\t<\/div>\n\t\t<div class=\"elementor-element elementor-element-c0afc9e e-con-full e-flex e-con e-child\" data-id=\"c0afc9e\" data-element_type=\"container\" data-e-type=\"container\">\n\t\t\t\t<div class=\"elementor-element elementor-element-177e0db elementor-cta--skin-cover elementor-widget elementor-widget-call-to-action\" data-id=\"177e0db\" data-element_type=\"widget\" data-e-type=\"widget\" data-widget_type=\"call-to-action.default\">\n\t\t\t\t<div class=\"elementor-widget-container\">\n\t\t\t\t\t\t\t<div class=\"elementor-cta\">\n\t\t\t\t\t<div class=\"elementor-cta__bg-wrapper\">\n\t\t\t\t<div class=\"elementor-cta__bg elementor-bg\" style=\"background-image: url(https:\/\/fincabriabi.com\/en\/wp-content\/uploads\/sites\/2\/hotel-rural-con-animales-libres-pontevedra-galicia-fincabriabi.webp);\" role=\"img\" aria-label=\"hotel rural con animales libres pontevedra galicia fincabriabi\"><\/div>\n\t\t\t\t<div class=\"elementor-cta__bg-overlay\"><\/div>\n\t\t\t<\/div>\n\t\t\t\t\t\t\t<div class=\"elementor-cta__content\">\n\t\t\t\t\n\t\t\t\t\n\t\t\t\t\t\t\t\t\t<div class=\"elementor-cta__description elementor-cta__content-item elementor-content-item\">\n\t\t\t\t\t\t.\t\t\t\t\t<\/div>\n\t\t\t\t\n\t\t\t\t\t\t\t<\/div>\n\t\t\t\t\t\t<\/div>\n\t\t\t\t\t\t<\/div>\n\t\t\t\t<\/div>\n\t\t\t\t<\/div>\n\t\t\t\t<\/div>\n\t\t\t\t<\/div>\n\t\t","protected":false},"excerpt":{"rendered":"<p>Disfruta del confort que te ofrecen nuestras habitaciones con jacuzzi. Planifica tu escapada en Hotel Cuevas con las ofertas del hotel que te agregar\u00e1n un valor adicional a tu estancia.<\/p>\n","protected":false},"author":1,"featured_media":5696,"parent":0,"menu_order":0,"comment_status":"closed","ping_status":"closed","template":"elementor_header_footer","meta":{"footnotes":""},"class_list":["post-5848","page","type-page","status-publish","has-post-thumbnail","hentry"],"yoast_head":"<!-- This site is optimized with the Yoast SEO plugin v27.5 - https:\/\/yoast.com\/product\/yoast-seo-wordpress\/ -->\n<title>Hotel rural pet friendly en Galicia - Finca Briab\u00ed EN<\/title>\n<meta name=\"description\" content=\"Finca Briab\u00ed es el destino perfecto para quienes no conciben unas vacaciones sin su compa\u00f1ero de cuatro patas. Somos un hotel rural\" \/>\n<meta name=\"robots\" content=\"index, follow, max-snippet:-1, max-image-preview:large, max-video-preview:-1\" \/>\n<link rel=\"canonical\" href=\"https:\/\/fincabriabi.com\/en\/hotel-rural-pet-friendly-en-galicia\/\" \/>\n<meta property=\"og:locale\" content=\"es_ES\" \/>\n<meta property=\"og:type\" content=\"article\" \/>\n<meta property=\"og:title\" content=\"Hotel rural pet friendly en Galicia - Finca Briab\u00ed EN\" \/>\n<meta property=\"og:description\" content=\"Finca Briab\u00ed es el destino perfecto para quienes no conciben unas vacaciones sin su compa\u00f1ero de cuatro patas. Somos un hotel rural\" \/>\n<meta property=\"og:url\" content=\"https:\/\/fincabriabi.com\/en\/hotel-rural-pet-friendly-en-galicia\/\" \/>\n<meta property=\"og:site_name\" content=\"Finca Briab\u00ed EN\" \/>\n<meta property=\"article:modified_time\" content=\"2025-07-07T12:57:40+00:00\" \/>\n<meta property=\"og:image\" content=\"https:\/\/fincabriabi.com\/en\/wp-content\/uploads\/sites\/2\/casa-rural-pet-friendly-hotel-para-perros-pontevedra-galicia-finca-briabi.webp\" \/>\n\t<meta property=\"og:image:width\" content=\"1280\" \/>\n\t<meta property=\"og:image:height\" content=\"853\" \/>\n\t<meta property=\"og:image:type\" content=\"image\/webp\" \/>\n<meta name=\"twitter:card\" content=\"summary_large_image\" \/>\n<meta name=\"twitter:label1\" content=\"Tiempo de lectura\" \/>\n\t<meta name=\"twitter:data1\" content=\"1 minuto\" \/>\n<script type=\"application\/ld+json\" class=\"yoast-schema-graph\">{\"@context\":\"https:\\\/\\\/schema.org\",\"@graph\":[{\"@type\":\"WebPage\",\"@id\":\"https:\\\/\\\/fincabriabi.com\\\/en\\\/hotel-rural-pet-friendly-en-galicia\\\/\",\"url\":\"https:\\\/\\\/fincabriabi.com\\\/en\\\/hotel-rural-pet-friendly-en-galicia\\\/\",\"name\":\"Hotel rural pet friendly en Galicia - Finca Briab\u00ed EN\",\"isPartOf\":{\"@id\":\"https:\\\/\\\/fincabriabi.com\\\/en\\\/#website\"},\"primaryImageOfPage\":{\"@id\":\"https:\\\/\\\/fincabriabi.com\\\/en\\\/hotel-rural-pet-friendly-en-galicia\\\/#primaryimage\"},\"image\":{\"@id\":\"https:\\\/\\\/fincabriabi.com\\\/en\\\/hotel-rural-pet-friendly-en-galicia\\\/#primaryimage\"},\"thumbnailUrl\":\"https:\\\/\\\/fincabriabi.com\\\/en\\\/wp-content\\\/uploads\\\/sites\\\/2\\\/casa-rural-pet-friendly-hotel-para-perros-pontevedra-galicia-finca-briabi.webp\",\"datePublished\":\"2025-04-23T10:27:55+00:00\",\"dateModified\":\"2025-07-07T12:57:40+00:00\",\"description\":\"Finca Briab\u00ed es el destino perfecto para quienes no conciben unas vacaciones sin su compa\u00f1ero de cuatro patas. Somos un hotel rural\",\"breadcrumb\":{\"@id\":\"https:\\\/\\\/fincabriabi.com\\\/en\\\/hotel-rural-pet-friendly-en-galicia\\\/#breadcrumb\"},\"inLanguage\":\"es\",\"potentialAction\":[{\"@type\":\"ReadAction\",\"target\":[\"https:\\\/\\\/fincabriabi.com\\\/en\\\/hotel-rural-pet-friendly-en-galicia\\\/\"]}]},{\"@type\":\"ImageObject\",\"inLanguage\":\"es\",\"@id\":\"https:\\\/\\\/fincabriabi.com\\\/en\\\/hotel-rural-pet-friendly-en-galicia\\\/#primaryimage\",\"url\":\"https:\\\/\\\/fincabriabi.com\\\/en\\\/wp-content\\\/uploads\\\/sites\\\/2\\\/casa-rural-pet-friendly-hotel-para-perros-pontevedra-galicia-finca-briabi.webp\",\"contentUrl\":\"https:\\\/\\\/fincabriabi.com\\\/en\\\/wp-content\\\/uploads\\\/sites\\\/2\\\/casa-rural-pet-friendly-hotel-para-perros-pontevedra-galicia-finca-briabi.webp\",\"width\":1280,\"height\":853,\"caption\":\"casa rural pet friendly hotel para perros pontevedra galicia finca briabi\"},{\"@type\":\"BreadcrumbList\",\"@id\":\"https:\\\/\\\/fincabriabi.com\\\/en\\\/hotel-rural-pet-friendly-en-galicia\\\/#breadcrumb\",\"itemListElement\":[{\"@type\":\"ListItem\",\"position\":1,\"name\":\"Portada\",\"item\":\"https:\\\/\\\/fincabriabi.com\\\/en\\\/\"},{\"@type\":\"ListItem\",\"position\":2,\"name\":\"Hotel rural pet friendly en Galicia\"}]},{\"@type\":\"WebSite\",\"@id\":\"https:\\\/\\\/fincabriabi.com\\\/en\\\/#website\",\"url\":\"https:\\\/\\\/fincabriabi.com\\\/en\\\/\",\"name\":\"Finca Briab\u00ed EN\",\"description\":\"Web Oficial - Mejor precio Garantizado\",\"publisher\":{\"@id\":\"https:\\\/\\\/fincabriabi.com\\\/en\\\/#organization\"},\"potentialAction\":[{\"@type\":\"SearchAction\",\"target\":{\"@type\":\"EntryPoint\",\"urlTemplate\":\"https:\\\/\\\/fincabriabi.com\\\/en\\\/?s={search_term_string}\"},\"query-input\":{\"@type\":\"PropertyValueSpecification\",\"valueRequired\":true,\"valueName\":\"search_term_string\"}}],\"inLanguage\":\"es\"},{\"@type\":\"Organization\",\"@id\":\"https:\\\/\\\/fincabriabi.com\\\/en\\\/#organization\",\"name\":\"Finca Briab\u00ed EN\",\"url\":\"https:\\\/\\\/fincabriabi.com\\\/en\\\/\",\"logo\":{\"@type\":\"ImageObject\",\"inLanguage\":\"es\",\"@id\":\"https:\\\/\\\/fincabriabi.com\\\/en\\\/#\\\/schema\\\/logo\\\/image\\\/\",\"url\":\"https:\\\/\\\/fincabriabi.com\\\/en\\\/wp-content\\\/uploads\\\/sites\\\/2\\\/logo_fincabriabi_blanco.webp\",\"contentUrl\":\"https:\\\/\\\/fincabriabi.com\\\/en\\\/wp-content\\\/uploads\\\/sites\\\/2\\\/logo_fincabriabi_blanco.webp\",\"width\":800,\"height\":800,\"caption\":\"Finca Briab\u00ed EN\"},\"image\":{\"@id\":\"https:\\\/\\\/fincabriabi.com\\\/en\\\/#\\\/schema\\\/logo\\\/image\\\/\"}}]}<\/script>\n<!-- \/ Yoast SEO plugin. -->","yoast_head_json":{"title":"Hotel rural pet friendly en Galicia - Finca Briab\u00ed EN","description":"Finca Briab\u00ed es el destino perfecto para quienes no conciben unas vacaciones sin su compa\u00f1ero de cuatro patas. Somos un hotel rural","robots":{"index":"index","follow":"follow","max-snippet":"max-snippet:-1","max-image-preview":"max-image-preview:large","max-video-preview":"max-video-preview:-1"},"canonical":"https:\/\/fincabriabi.com\/en\/hotel-rural-pet-friendly-en-galicia\/","og_locale":"es_ES","og_type":"article","og_title":"Hotel rural pet friendly en Galicia - Finca Briab\u00ed EN","og_description":"Finca Briab\u00ed es el destino perfecto para quienes no conciben unas vacaciones sin su compa\u00f1ero de cuatro patas. Somos un hotel rural","og_url":"https:\/\/fincabriabi.com\/en\/hotel-rural-pet-friendly-en-galicia\/","og_site_name":"Finca Briab\u00ed EN","article_modified_time":"2025-07-07T12:57:40+00:00","og_image":[{"width":1280,"height":853,"url":"https:\/\/fincabriabi.com\/en\/wp-content\/uploads\/sites\/2\/casa-rural-pet-friendly-hotel-para-perros-pontevedra-galicia-finca-briabi.webp","type":"image\/webp"}],"twitter_card":"summary_large_image","twitter_misc":{"Tiempo de lectura":"1 minuto"},"schema":{"@context":"https:\/\/schema.org","@graph":[{"@type":"WebPage","@id":"https:\/\/fincabriabi.com\/en\/hotel-rural-pet-friendly-en-galicia\/","url":"https:\/\/fincabriabi.com\/en\/hotel-rural-pet-friendly-en-galicia\/","name":"Hotel rural pet friendly en Galicia - Finca Briab\u00ed EN","isPartOf":{"@id":"https:\/\/fincabriabi.com\/en\/#website"},"primaryImageOfPage":{"@id":"https:\/\/fincabriabi.com\/en\/hotel-rural-pet-friendly-en-galicia\/#primaryimage"},"image":{"@id":"https:\/\/fincabriabi.com\/en\/hotel-rural-pet-friendly-en-galicia\/#primaryimage"},"thumbnailUrl":"https:\/\/fincabriabi.com\/en\/wp-content\/uploads\/sites\/2\/casa-rural-pet-friendly-hotel-para-perros-pontevedra-galicia-finca-briabi.webp","datePublished":"2025-04-23T10:27:55+00:00","dateModified":"2025-07-07T12:57:40+00:00","description":"Finca Briab\u00ed es el destino perfecto para quienes no conciben unas vacaciones sin su compa\u00f1ero de cuatro patas. Somos un hotel rural","breadcrumb":{"@id":"https:\/\/fincabriabi.com\/en\/hotel-rural-pet-friendly-en-galicia\/#breadcrumb"},"inLanguage":"es","potentialAction":[{"@type":"ReadAction","target":["https:\/\/fincabriabi.com\/en\/hotel-rural-pet-friendly-en-galicia\/"]}]},{"@type":"ImageObject","inLanguage":"es","@id":"https:\/\/fincabriabi.com\/en\/hotel-rural-pet-friendly-en-galicia\/#primaryimage","url":"https:\/\/fincabriabi.com\/en\/wp-content\/uploads\/sites\/2\/casa-rural-pet-friendly-hotel-para-perros-pontevedra-galicia-finca-briabi.webp","contentUrl":"https:\/\/fincabriabi.com\/en\/wp-content\/uploads\/sites\/2\/casa-rural-pet-friendly-hotel-para-perros-pontevedra-galicia-finca-briabi.webp","width":1280,"height":853,"caption":"casa rural pet friendly hotel para perros pontevedra galicia finca briabi"},{"@type":"BreadcrumbList","@id":"https:\/\/fincabriabi.com\/en\/hotel-rural-pet-friendly-en-galicia\/#breadcrumb","itemListElement":[{"@type":"ListItem","position":1,"name":"Portada","item":"https:\/\/fincabriabi.com\/en\/"},{"@type":"ListItem","position":2,"name":"Hotel rural pet friendly en Galicia"}]},{"@type":"WebSite","@id":"https:\/\/fincabriabi.com\/en\/#website","url":"https:\/\/fincabriabi.com\/en\/","name":"Finca Briab\u00ed EN","description":"Web Oficial - Mejor precio Garantizado","publisher":{"@id":"https:\/\/fincabriabi.com\/en\/#organization"},"potentialAction":[{"@type":"SearchAction","target":{"@type":"EntryPoint","urlTemplate":"https:\/\/fincabriabi.com\/en\/?s={search_term_string}"},"query-input":{"@type":"PropertyValueSpecification","valueRequired":true,"valueName":"search_term_string"}}],"inLanguage":"es"},{"@type":"Organization","@id":"https:\/\/fincabriabi.com\/en\/#organization","name":"Finca Briab\u00ed EN","url":"https:\/\/fincabriabi.com\/en\/","logo":{"@type":"ImageObject","inLanguage":"es","@id":"https:\/\/fincabriabi.com\/en\/#\/schema\/logo\/image\/","url":"https:\/\/fincabriabi.com\/en\/wp-content\/uploads\/sites\/2\/logo_fincabriabi_blanco.webp","contentUrl":"https:\/\/fincabriabi.com\/en\/wp-content\/uploads\/sites\/2\/logo_fincabriabi_blanco.webp","width":800,"height":800,"caption":"Finca Briab\u00ed EN"},"image":{"@id":"https:\/\/fincabriabi.com\/en\/#\/schema\/logo\/image\/"}}]}},"_links":{"self":[{"href":"https:\/\/fincabriabi.com\/en\/wp-json\/wp\/v2\/pages\/5848","targetHints":{"allow":["GET"]}}],"collection":[{"href":"https:\/\/fincabriabi.com\/en\/wp-json\/wp\/v2\/pages"}],"about":[{"href":"https:\/\/fincabriabi.com\/en\/wp-json\/wp\/v2\/types\/page"}],"author":[{"embeddable":true,"href":"https:\/\/fincabriabi.com\/en\/wp-json\/wp\/v2\/users\/1"}],"replies":[{"embeddable":true,"href":"https:\/\/fincabriabi.com\/en\/wp-json\/wp\/v2\/comments?post=5848"}],"version-history":[{"count":31,"href":"https:\/\/fincabriabi.com\/en\/wp-json\/wp\/v2\/pages\/5848\/revisions"}],"predecessor-version":[{"id":6481,"href":"https:\/\/fincabriabi.com\/en\/wp-json\/wp\/v2\/pages\/5848\/revisions\/6481"}],"wp:featuredmedia":[{"embeddable":true,"href":"https:\/\/fincabriabi.com\/en\/wp-json\/wp\/v2\/media\/5696"}],"wp:attachment":[{"href":"https:\/\/fincabriabi.com\/en\/wp-json\/wp\/v2\/media?parent=5848"}],"curies":[{"name":"wp","href":"https:\/\/api.w.org\/{rel}","templated":true}]}}