{"id":6095,"date":"2025-04-24T13:37:56","date_gmt":"2025-04-24T11:37:56","guid":{"rendered":"https:\/\/fincabriabi.com\/?page_id=6095"},"modified":"2025-07-07T14:59:45","modified_gmt":"2025-07-07T12:59:45","slug":"legacy","status":"publish","type":"page","link":"https:\/\/fincabriabi.com\/en\/legacy\/","title":{"rendered":"Legacy"},"content":{"rendered":"\t\t<div data-elementor-type=\"wp-page\" data-elementor-id=\"6095\" class=\"elementor elementor-6095\" data-elementor-post-type=\"page\">\n\t\t\t\t<div class=\"elementor-element elementor-element-eac83ee e-con-full elementor-hidden-mobile e-flex e-con e-parent\" data-id=\"eac83ee\" data-element_type=\"container\" data-e-type=\"container\" data-settings=\"{&quot;background_background&quot;:&quot;classic&quot;}\">\n\t\t\t\t<\/div>\n\t\t<div class=\"elementor-element elementor-element-d0629cd e-con-full e-flex e-con e-parent\" data-id=\"d0629cd\" data-element_type=\"container\" data-e-type=\"container\" data-settings=\"{&quot;background_background&quot;:&quot;classic&quot;}\">\n\t\t<div class=\"elementor-element elementor-element-807b33e e-con-full e-flex e-con e-child\" data-id=\"807b33e\" data-element_type=\"container\" data-e-type=\"container\">\n\t\t\t\t<div class=\"elementor-element elementor-element-32a9f61 elementor-widget elementor-widget-heading\" data-id=\"32a9f61\" data-element_type=\"widget\" data-e-type=\"widget\" data-widget_type=\"heading.default\">\n\t\t\t\t<div class=\"elementor-widget-container\">\n\t\t\t\t\t<h1 class=\"elementor-heading-title elementor-size-default\">Finca Briab\u00ed Legacy<\/h1>\t\t\t\t<\/div>\n\t\t\t\t<\/div>\n\t\t\t\t<div class=\"elementor-element elementor-element-505c269 elementor-widget elementor-widget-heading\" data-id=\"505c269\" data-element_type=\"widget\" data-e-type=\"widget\" data-widget_type=\"heading.default\">\n\t\t\t\t<div class=\"elementor-widget-container\">\n\t\t\t\t\t<h2 class=\"elementor-heading-title elementor-size-default\">OUR LEGACY\nThrough time<\/h2>\t\t\t\t<\/div>\n\t\t\t\t<\/div>\n\t\t<div class=\"elementor-element elementor-element-900d9da e-con-full e-flex e-con e-child\" data-id=\"900d9da\" data-element_type=\"container\" data-e-type=\"container\" data-settings=\"{&quot;background_background&quot;:&quot;classic&quot;}\">\n\t\t\t\t<\/div>\n\t\t\t\t<div class=\"elementor-element elementor-element-17e0039 elementor-widget elementor-widget-text-editor\" data-id=\"17e0039\" data-element_type=\"widget\" data-e-type=\"widget\" data-widget_type=\"text-editor.default\">\n\t\t\t\t<div class=\"elementor-widget-container\">\n\t\t\t\t\t\t\t\t\t<p>Back in 1970, Manuel Param\u00e9s Gonz\u00e1lez &#8211; businessman, family patriarch, bohemian and good friend of his friends &#8211; commissioned the renowned architect Julio Sime\u00e3o da Costa Alves (author of the Casino Park Hotel and Carlton Park Hotel in Funchal, Madeira, Portugal) to design a residential project on a plot of land located in A Ca\u00f1iza. His purpose: to enjoy holidays with his family and to receive his friends as only he knew how to do it.<\/p><p>Thus Finca Param\u00e9s was born, a space where the architect conceived the entire architectural ensemble, from the house to the smallest details, giving it a singular originality.<\/p><p>For many, this estate is synonymous with fond memories, pleasant experiences and unique moments.<\/p><p>In 2017, Bruno Manuel Ant\u00f3n Castillo and Luis Param\u00e9s Ant\u00f3n set up the company Fincas Param\u00e9s Ant\u00f3n S.L. with the aim of giving new life to the family&#8217;s lands and properties, sharing their wealth, their environment and their essence with those who honour them with their visit.<\/p><p>One of these properties is Finca Param\u00e9s, which, after two years of renovation and conservation works -both interior and exterior- and remaining faithful to its original spirit, is reborn with a new name: Finca Briab\u00ed, in homage to the place where it is located. Part of this work was supported by the LEADER Programme of the Galician Rural Development Plan 2014-2020.<\/p><p>It is in 2019 when Finca Briab\u00ed opens, a rural tourist complex of 30,000 m\u00b2 where visitors can live the Briab\u00ed experience. A place designed to enjoy not only the accommodation, but also its spacious gardens, a natural swimming pool, happy animals and organic farming that allows you to contemplate and taste the products of the area.<\/p><p>An ideal destination to celebrate all kinds of events, both private and business, in full harmony with nature.<\/p><p>\u00a0<\/p>\t\t\t\t\t\t\t\t<\/div>\n\t\t\t\t<\/div>\n\t\t\t\t<div class=\"elementor-element elementor-element-f180d50 elementor-tablet-align-center elementor-align-center elementor-widget elementor-widget-button\" data-id=\"f180d50\" data-element_type=\"widget\" data-e-type=\"widget\" data-widget_type=\"button.default\">\n\t\t\t\t<div class=\"elementor-widget-container\">\n\t\t\t\t\t\t\t\t\t<div class=\"elementor-button-wrapper\">\n\t\t\t\t\t<a class=\"elementor-button elementor-button-link elementor-size-sm\" href=\"https:\/\/booking.avirato.com\/?code=49880244&#038;lang=en\">\n\t\t\t\t\t\t<span class=\"elementor-button-content-wrapper\">\n\t\t\t\t\t\t\t\t\t<span class=\"elementor-button-text\">BOOK NOW<\/span>\n\t\t\t\t\t<\/span>\n\t\t\t\t\t<\/a>\n\t\t\t\t<\/div>\n\t\t\t\t\t\t\t\t<\/div>\n\t\t\t\t<\/div>\n\t\t\t\t<\/div>\n\t\t\t\t<\/div>\n\t\t\t\t<\/div>\n\t\t","protected":false},"excerpt":{"rendered":"<p>Disfruta del confort que te ofrecen nuestras habitaciones con jacuzzi. Planifica tu escapada en Hotel Cuevas con las ofertas del hotel que te agregar\u00e1n un valor adicional a tu estancia.<\/p>\n","protected":false},"author":1,"featured_media":5931,"parent":0,"menu_order":0,"comment_status":"closed","ping_status":"closed","template":"","meta":{"footnotes":""},"class_list":["post-6095","page","type-page","status-publish","has-post-thumbnail","hentry"],"yoast_head":"<!-- This site is optimized with the Yoast SEO plugin v27.5 - https:\/\/yoast.com\/product\/yoast-seo-wordpress\/ -->\n<title>Legacy - Finca Briab\u00ed EN<\/title>\n<meta name=\"description\" content=\"A trav\u00e9s del tiempoAll\u00e1 por el a\u00f1o 1970 Manuel Param\u00e9s Gonz\u00e1lez, visionario empresario, patriarca familiar, bohemio y\" \/>\n<meta name=\"robots\" content=\"index, follow, max-snippet:-1, max-image-preview:large, max-video-preview:-1\" \/>\n<link rel=\"canonical\" href=\"https:\/\/fincabriabi.com\/en\/legacy\/\" \/>\n<meta property=\"og:locale\" content=\"es_ES\" \/>\n<meta property=\"og:type\" content=\"article\" \/>\n<meta property=\"og:title\" content=\"Legacy - Finca Briab\u00ed EN\" \/>\n<meta property=\"og:description\" content=\"A trav\u00e9s del tiempoAll\u00e1 por el a\u00f1o 1970 Manuel Param\u00e9s Gonz\u00e1lez, visionario empresario, patriarca familiar, bohemio y\" \/>\n<meta property=\"og:url\" content=\"https:\/\/fincabriabi.com\/en\/legacy\/\" \/>\n<meta property=\"og:site_name\" content=\"Finca Briab\u00ed EN\" \/>\n<meta property=\"article:modified_time\" content=\"2025-07-07T12:59:45+00:00\" \/>\n<meta property=\"og:image\" content=\"https:\/\/fincabriabi.com\/en\/wp-content\/uploads\/sites\/2\/finca-briabi-quienes-somos.webp\" \/>\n\t<meta property=\"og:image:width\" content=\"1205\" \/>\n\t<meta property=\"og:image:height\" content=\"800\" \/>\n\t<meta property=\"og:image:type\" content=\"image\/webp\" \/>\n<meta name=\"twitter:card\" content=\"summary_large_image\" \/>\n<meta name=\"twitter:label1\" content=\"Tiempo de lectura\" \/>\n\t<meta name=\"twitter:data1\" content=\"2 minutos\" \/>\n<script type=\"application\/ld+json\" class=\"yoast-schema-graph\">{\"@context\":\"https:\\\/\\\/schema.org\",\"@graph\":[{\"@type\":\"WebPage\",\"@id\":\"https:\\\/\\\/fincabriabi.com\\\/en\\\/legacy\\\/\",\"url\":\"https:\\\/\\\/fincabriabi.com\\\/en\\\/legacy\\\/\",\"name\":\"Legacy - Finca Briab\u00ed EN\",\"isPartOf\":{\"@id\":\"https:\\\/\\\/fincabriabi.com\\\/en\\\/#website\"},\"primaryImageOfPage\":{\"@id\":\"https:\\\/\\\/fincabriabi.com\\\/en\\\/legacy\\\/#primaryimage\"},\"image\":{\"@id\":\"https:\\\/\\\/fincabriabi.com\\\/en\\\/legacy\\\/#primaryimage\"},\"thumbnailUrl\":\"https:\\\/\\\/fincabriabi.com\\\/en\\\/wp-content\\\/uploads\\\/sites\\\/2\\\/finca-briabi-quienes-somos.webp\",\"datePublished\":\"2025-04-24T11:37:56+00:00\",\"dateModified\":\"2025-07-07T12:59:45+00:00\",\"description\":\"A trav\u00e9s del tiempoAll\u00e1 por el a\u00f1o 1970 Manuel Param\u00e9s Gonz\u00e1lez, visionario empresario, patriarca familiar, bohemio y\",\"breadcrumb\":{\"@id\":\"https:\\\/\\\/fincabriabi.com\\\/en\\\/legacy\\\/#breadcrumb\"},\"inLanguage\":\"es\",\"potentialAction\":[{\"@type\":\"ReadAction\",\"target\":[\"https:\\\/\\\/fincabriabi.com\\\/en\\\/legacy\\\/\"]}]},{\"@type\":\"ImageObject\",\"inLanguage\":\"es\",\"@id\":\"https:\\\/\\\/fincabriabi.com\\\/en\\\/legacy\\\/#primaryimage\",\"url\":\"https:\\\/\\\/fincabriabi.com\\\/en\\\/wp-content\\\/uploads\\\/sites\\\/2\\\/finca-briabi-quienes-somos.webp\",\"contentUrl\":\"https:\\\/\\\/fincabriabi.com\\\/en\\\/wp-content\\\/uploads\\\/sites\\\/2\\\/finca-briabi-quienes-somos.webp\",\"width\":1205,\"height\":800,\"caption\":\"finca briabi quienes somos\"},{\"@type\":\"BreadcrumbList\",\"@id\":\"https:\\\/\\\/fincabriabi.com\\\/en\\\/legacy\\\/#breadcrumb\",\"itemListElement\":[{\"@type\":\"ListItem\",\"position\":1,\"name\":\"Portada\",\"item\":\"https:\\\/\\\/fincabriabi.com\\\/en\\\/\"},{\"@type\":\"ListItem\",\"position\":2,\"name\":\"Legacy\"}]},{\"@type\":\"WebSite\",\"@id\":\"https:\\\/\\\/fincabriabi.com\\\/en\\\/#website\",\"url\":\"https:\\\/\\\/fincabriabi.com\\\/en\\\/\",\"name\":\"Finca Briab\u00ed EN\",\"description\":\"Web Oficial - Mejor precio Garantizado\",\"publisher\":{\"@id\":\"https:\\\/\\\/fincabriabi.com\\\/en\\\/#organization\"},\"potentialAction\":[{\"@type\":\"SearchAction\",\"target\":{\"@type\":\"EntryPoint\",\"urlTemplate\":\"https:\\\/\\\/fincabriabi.com\\\/en\\\/?s={search_term_string}\"},\"query-input\":{\"@type\":\"PropertyValueSpecification\",\"valueRequired\":true,\"valueName\":\"search_term_string\"}}],\"inLanguage\":\"es\"},{\"@type\":\"Organization\",\"@id\":\"https:\\\/\\\/fincabriabi.com\\\/en\\\/#organization\",\"name\":\"Finca Briab\u00ed EN\",\"url\":\"https:\\\/\\\/fincabriabi.com\\\/en\\\/\",\"logo\":{\"@type\":\"ImageObject\",\"inLanguage\":\"es\",\"@id\":\"https:\\\/\\\/fincabriabi.com\\\/en\\\/#\\\/schema\\\/logo\\\/image\\\/\",\"url\":\"https:\\\/\\\/fincabriabi.com\\\/en\\\/wp-content\\\/uploads\\\/sites\\\/2\\\/logo_fincabriabi_blanco.webp\",\"contentUrl\":\"https:\\\/\\\/fincabriabi.com\\\/en\\\/wp-content\\\/uploads\\\/sites\\\/2\\\/logo_fincabriabi_blanco.webp\",\"width\":800,\"height\":800,\"caption\":\"Finca Briab\u00ed EN\"},\"image\":{\"@id\":\"https:\\\/\\\/fincabriabi.com\\\/en\\\/#\\\/schema\\\/logo\\\/image\\\/\"}}]}<\/script>\n<!-- \/ Yoast SEO plugin. -->","yoast_head_json":{"title":"Legacy - Finca Briab\u00ed EN","description":"A trav\u00e9s del tiempoAll\u00e1 por el a\u00f1o 1970 Manuel Param\u00e9s Gonz\u00e1lez, visionario empresario, patriarca familiar, bohemio y","robots":{"index":"index","follow":"follow","max-snippet":"max-snippet:-1","max-image-preview":"max-image-preview:large","max-video-preview":"max-video-preview:-1"},"canonical":"https:\/\/fincabriabi.com\/en\/legacy\/","og_locale":"es_ES","og_type":"article","og_title":"Legacy - Finca Briab\u00ed EN","og_description":"A trav\u00e9s del tiempoAll\u00e1 por el a\u00f1o 1970 Manuel Param\u00e9s Gonz\u00e1lez, visionario empresario, patriarca familiar, bohemio y","og_url":"https:\/\/fincabriabi.com\/en\/legacy\/","og_site_name":"Finca Briab\u00ed EN","article_modified_time":"2025-07-07T12:59:45+00:00","og_image":[{"width":1205,"height":800,"url":"https:\/\/fincabriabi.com\/en\/wp-content\/uploads\/sites\/2\/finca-briabi-quienes-somos.webp","type":"image\/webp"}],"twitter_card":"summary_large_image","twitter_misc":{"Tiempo de lectura":"2 minutos"},"schema":{"@context":"https:\/\/schema.org","@graph":[{"@type":"WebPage","@id":"https:\/\/fincabriabi.com\/en\/legacy\/","url":"https:\/\/fincabriabi.com\/en\/legacy\/","name":"Legacy - Finca Briab\u00ed EN","isPartOf":{"@id":"https:\/\/fincabriabi.com\/en\/#website"},"primaryImageOfPage":{"@id":"https:\/\/fincabriabi.com\/en\/legacy\/#primaryimage"},"image":{"@id":"https:\/\/fincabriabi.com\/en\/legacy\/#primaryimage"},"thumbnailUrl":"https:\/\/fincabriabi.com\/en\/wp-content\/uploads\/sites\/2\/finca-briabi-quienes-somos.webp","datePublished":"2025-04-24T11:37:56+00:00","dateModified":"2025-07-07T12:59:45+00:00","description":"A trav\u00e9s del tiempoAll\u00e1 por el a\u00f1o 1970 Manuel Param\u00e9s Gonz\u00e1lez, visionario empresario, patriarca familiar, bohemio y","breadcrumb":{"@id":"https:\/\/fincabriabi.com\/en\/legacy\/#breadcrumb"},"inLanguage":"es","potentialAction":[{"@type":"ReadAction","target":["https:\/\/fincabriabi.com\/en\/legacy\/"]}]},{"@type":"ImageObject","inLanguage":"es","@id":"https:\/\/fincabriabi.com\/en\/legacy\/#primaryimage","url":"https:\/\/fincabriabi.com\/en\/wp-content\/uploads\/sites\/2\/finca-briabi-quienes-somos.webp","contentUrl":"https:\/\/fincabriabi.com\/en\/wp-content\/uploads\/sites\/2\/finca-briabi-quienes-somos.webp","width":1205,"height":800,"caption":"finca briabi quienes somos"},{"@type":"BreadcrumbList","@id":"https:\/\/fincabriabi.com\/en\/legacy\/#breadcrumb","itemListElement":[{"@type":"ListItem","position":1,"name":"Portada","item":"https:\/\/fincabriabi.com\/en\/"},{"@type":"ListItem","position":2,"name":"Legacy"}]},{"@type":"WebSite","@id":"https:\/\/fincabriabi.com\/en\/#website","url":"https:\/\/fincabriabi.com\/en\/","name":"Finca Briab\u00ed EN","description":"Web Oficial - Mejor precio Garantizado","publisher":{"@id":"https:\/\/fincabriabi.com\/en\/#organization"},"potentialAction":[{"@type":"SearchAction","target":{"@type":"EntryPoint","urlTemplate":"https:\/\/fincabriabi.com\/en\/?s={search_term_string}"},"query-input":{"@type":"PropertyValueSpecification","valueRequired":true,"valueName":"search_term_string"}}],"inLanguage":"es"},{"@type":"Organization","@id":"https:\/\/fincabriabi.com\/en\/#organization","name":"Finca Briab\u00ed EN","url":"https:\/\/fincabriabi.com\/en\/","logo":{"@type":"ImageObject","inLanguage":"es","@id":"https:\/\/fincabriabi.com\/en\/#\/schema\/logo\/image\/","url":"https:\/\/fincabriabi.com\/en\/wp-content\/uploads\/sites\/2\/logo_fincabriabi_blanco.webp","contentUrl":"https:\/\/fincabriabi.com\/en\/wp-content\/uploads\/sites\/2\/logo_fincabriabi_blanco.webp","width":800,"height":800,"caption":"Finca Briab\u00ed EN"},"image":{"@id":"https:\/\/fincabriabi.com\/en\/#\/schema\/logo\/image\/"}}]}},"_links":{"self":[{"href":"https:\/\/fincabriabi.com\/en\/wp-json\/wp\/v2\/pages\/6095","targetHints":{"allow":["GET"]}}],"collection":[{"href":"https:\/\/fincabriabi.com\/en\/wp-json\/wp\/v2\/pages"}],"about":[{"href":"https:\/\/fincabriabi.com\/en\/wp-json\/wp\/v2\/types\/page"}],"author":[{"embeddable":true,"href":"https:\/\/fincabriabi.com\/en\/wp-json\/wp\/v2\/users\/1"}],"replies":[{"embeddable":true,"href":"https:\/\/fincabriabi.com\/en\/wp-json\/wp\/v2\/comments?post=6095"}],"version-history":[{"count":20,"href":"https:\/\/fincabriabi.com\/en\/wp-json\/wp\/v2\/pages\/6095\/revisions"}],"predecessor-version":[{"id":6484,"href":"https:\/\/fincabriabi.com\/en\/wp-json\/wp\/v2\/pages\/6095\/revisions\/6484"}],"wp:featuredmedia":[{"embeddable":true,"href":"https:\/\/fincabriabi.com\/en\/wp-json\/wp\/v2\/media\/5931"}],"wp:attachment":[{"href":"https:\/\/fincabriabi.com\/en\/wp-json\/wp\/v2\/media?parent=6095"}],"curies":[{"name":"wp","href":"https:\/\/api.w.org\/{rel}","templated":true}]}}